{"id":4068,"date":"2025-03-27T14:15:35","date_gmt":"2025-03-27T13:15:35","guid":{"rendered":"https:\/\/biokema.ch\/ueber-biokema-sa\/"},"modified":"2025-05-19T16:09:38","modified_gmt":"2025-05-19T14:09:38","slug":"ueber-biokema-sa","status":"publish","type":"page","link":"https:\/\/biokema.ch\/de\/ueber-biokema-sa\/","title":{"rendered":"\u00dcber uns"},"content":{"rendered":"\t\t<div data-elementor-type=\"wp-page\" data-elementor-id=\"4068\" class=\"elementor elementor-4068 elementor-2047\" data-elementor-post-type=\"page\">\n\t\t\t\t<div class=\"has_ae_slider elementor-element elementor-element-1742c69 e-flex e-con-boxed ae-bg-gallery-type-default e-con e-parent\" data-id=\"1742c69\" data-element_type=\"container\" data-settings=\"{&quot;background_background&quot;:&quot;classic&quot;}\">\n\t\t\t\t\t<div class=\"e-con-inner\">\n\t\t\t\t\t<\/div>\n\t\t\t\t<\/div>\n\t\t<div class=\"has_ae_slider elementor-element elementor-element-040d70e bloc-couleur-cat e-flex e-con-boxed ae-bg-gallery-type-default e-con e-parent\" data-id=\"040d70e\" data-element_type=\"container\" data-settings=\"{&quot;background_background&quot;:&quot;classic&quot;}\">\n\t\t\t\t\t<div class=\"e-con-inner\">\n\t\t<div class=\"has_ae_slider elementor-element elementor-element-16ea3d4 e-con-full e-flex ae-bg-gallery-type-default e-con e-child\" data-id=\"16ea3d4\" data-element_type=\"container\">\n\t\t\t\t<\/div>\n\t\t<div class=\"has_ae_slider elementor-element elementor-element-4fd09cf e-con-full e-flex ae-bg-gallery-type-default e-con e-child\" data-id=\"4fd09cf\" data-element_type=\"container\">\n\t\t\t\t<div class=\"elementor-element elementor-element-52c7ed9 elementor-widget elementor-widget-heading\" data-id=\"52c7ed9\" data-element_type=\"widget\" data-widget_type=\"heading.default\">\n\t\t\t\t<div class=\"elementor-widget-container\">\n\t\t\t\t\t<h1 class=\"elementor-heading-title elementor-size-default\">Unser Antrieb<\/h1>\t\t\t\t<\/div>\n\t\t\t\t<\/div>\n\t\t\t\t<div class=\"elementor-element elementor-element-9b774c7 elementor-widget elementor-widget-heading\" data-id=\"9b774c7\" data-element_type=\"widget\" data-widget_type=\"heading.default\">\n\t\t\t\t<div class=\"elementor-widget-container\">\n\t\t\t\t\t<h2 class=\"elementor-heading-title elementor-size-default\">Unser Engagement f\u00fcr die Tiergesundheit \u2013 an der Seite derer, die sie tagt\u00e4glich sch\u00fctzen.<\/h2>\t\t\t\t<\/div>\n\t\t\t\t<\/div>\n\t\t\t\t<\/div>\n\t\t\t\t\t<\/div>\n\t\t\t\t<\/div>\n\t\t<div class=\"has_ae_slider elementor-element elementor-element-462206c e-flex e-con-boxed ae-bg-gallery-type-default e-con e-parent\" data-id=\"462206c\" data-element_type=\"container\">\n\t\t\t\t\t<div class=\"e-con-inner\">\n\t\t<div class=\"has_ae_slider elementor-element elementor-element-6bf48d1 e-con-full e-flex ae-bg-gallery-type-default e-con e-child\" data-id=\"6bf48d1\" data-element_type=\"container\">\n\t\t\t\t<div class=\"elementor-element elementor-element-f7f4032 elementor-widget elementor-widget-heading\" data-id=\"f7f4032\" data-element_type=\"widget\" data-widget_type=\"heading.default\">\n\t\t\t\t<div class=\"elementor-widget-container\">\n\t\t\t\t\t<h2 class=\"elementor-heading-title elementor-size-default\">Unsere Mission<\/h2>\t\t\t\t<\/div>\n\t\t\t\t<\/div>\n\t\t\t\t<\/div>\n\t\t<div class=\"has_ae_slider elementor-element elementor-element-1c36a0d e-con-full e-flex ae-bg-gallery-type-default e-con e-child\" data-id=\"1c36a0d\" data-element_type=\"container\">\n\t\t\t\t<div class=\"elementor-element elementor-element-55a4728 elementor-widget elementor-widget-text-editor\" data-id=\"55a4728\" data-element_type=\"widget\" data-widget_type=\"text-editor.default\">\n\t\t\t\t<div class=\"elementor-widget-container\">\n\t\t\t\t\t\t\t\t\t<div class=\"elementToProof\"><p>Unsere Mission ist es, Tier\u00e4rztinnen und Tier\u00e4rzte in ihrem Praxisalltag zu unterst\u00fctzen \u2013 mit hochwertigen Produkten und Dienstleistungen, die optimal auf ihre Bed\u00fcrfnisse abgestimmt sind.<\/p><p>Wir legen grossen Wert auf stabile Beziehungen, die auf Vertrauen, N\u00e4he und exzellentem Service basieren.<\/p><p>Unser Anspruch ist es, innovative L\u00f6sungen zu bieten, die Herausforderungen des Ver\u00e4nderungen fr\u00fchzeitig zu erkennen und die Fachpersonen der Tiergesundheit in einem dynamischen Umfeld optimal zu unterst\u00fctzen.<\/p><\/div>\t\t\t\t\t\t\t\t<\/div>\n\t\t\t\t<\/div>\n\t\t\t\t<\/div>\n\t\t\t\t\t<\/div>\n\t\t\t\t<\/div>\n\t\t<div class=\"has_ae_slider elementor-element elementor-element-9eb6ae7 e-flex e-con-boxed ae-bg-gallery-type-default e-con e-parent\" data-id=\"9eb6ae7\" data-element_type=\"container\">\n\t\t\t\t\t<div class=\"e-con-inner\">\n\t\t\t\t<div class=\"elementor-element elementor-element-f23e10b elementor-widget elementor-widget-video\" data-id=\"f23e10b\" data-element_type=\"widget\" data-settings=\"{&quot;video_type&quot;:&quot;hosted&quot;,&quot;loop&quot;:&quot;yes&quot;,&quot;show_image_overlay&quot;:&quot;yes&quot;,&quot;image_overlay&quot;:{&quot;url&quot;:&quot;https:\\\/\\\/biokema.ch\\\/wp-content\\\/uploads\\\/2025\\\/04\\\/Vision-oeil-Biokema.jpg&quot;,&quot;id&quot;:3313,&quot;size&quot;:&quot;&quot;,&quot;alt&quot;:&quot;Vision \\u0153il Biokema&quot;,&quot;source&quot;:&quot;library&quot;},&quot;controls&quot;:&quot;yes&quot;}\" data-widget_type=\"video.default\">\n\t\t\t\t<div class=\"elementor-widget-container\">\n\t\t\t\t\t\t\t<div class=\"e-hosted-video elementor-wrapper elementor-open-inline\">\n\t\t\t\t\t<video class=\"elementor-video\" src=\"https:\/\/biokema.ch\/wp-content\/uploads\/2025\/04\/Corporate-video-Biokema-2025-V03-DE-Light.mp4\" loop=\"\" controls=\"\" preload=\"metadata\" controlsList=\"nodownload\"><\/video>\n\t\t\t\t\t\t<div class=\"elementor-custom-embed-image-overlay\" style=\"background-image: url(https:\/\/biokema.ch\/wp-content\/uploads\/2025\/04\/Vision-oeil-Biokema.jpg);\">\n\t\t\t\t\t\t\t\t\t\t\t\t\t\t\t\t<div class=\"elementor-custom-embed-play\" role=\"button\" aria-label=\"Video abspielen \u00fcber Vision \u0153il Biokema\" tabindex=\"0\">\n\t\t\t\t\t\t\t<svg aria-hidden=\"true\" class=\"e-font-icon-svg e-eicon-play\" viewBox=\"0 0 1000 1000\" xmlns=\"http:\/\/www.w3.org\/2000\/svg\"><path d=\"M838 162C746 71 633 25 500 25 371 25 258 71 163 162 71 254 25 367 25 500 25 633 71 746 163 837 254 929 367 979 500 979 633 979 746 933 838 837 929 746 975 633 975 500 975 367 929 254 838 162M808 192C892 279 933 379 933 500 933 621 892 725 808 808 725 892 621 938 500 938 379 938 279 896 196 808 113 725 67 621 67 500 67 379 108 279 196 192 279 108 383 62 500 62 621 62 721 108 808 192M438 392V642L642 517 438 392Z\"><\/path><\/svg>\t\t\t\t\t\t<\/div>\n\t\t\t\t\t\t\t\t\t<\/div>\n\t\t\t\t\t<\/div>\n\t\t\t\t\t\t<\/div>\n\t\t\t\t<\/div>\n\t\t\t\t\t<\/div>\n\t\t\t\t<\/div>\n\t\t<div class=\"has_ae_slider elementor-element elementor-element-3200de4 e-flex e-con-boxed ae-bg-gallery-type-default e-con e-parent\" data-id=\"3200de4\" data-element_type=\"container\">\n\t\t\t\t\t<div class=\"e-con-inner\">\n\t\t<div class=\"has_ae_slider elementor-element elementor-element-c23d6b2 e-con-full e-flex ae-bg-gallery-type-default e-con e-child\" data-id=\"c23d6b2\" data-element_type=\"container\">\n\t\t\t\t<div class=\"elementor-element elementor-element-957980c elementor-widget elementor-widget-heading\" data-id=\"957980c\" data-element_type=\"widget\" data-widget_type=\"heading.default\">\n\t\t\t\t<div class=\"elementor-widget-container\">\n\t\t\t\t\t<h2 class=\"elementor-heading-title elementor-size-default\">Unsere Werte<\/h2>\t\t\t\t<\/div>\n\t\t\t\t<\/div>\n\t\t\t\t<\/div>\n\t\t<div class=\"has_ae_slider elementor-element elementor-element-3d5cb2d e-con-full e-flex ae-bg-gallery-type-default e-con e-child\" data-id=\"3d5cb2d\" data-element_type=\"container\">\n\t\t\t\t<div class=\"elementor-element elementor-element-a289da5 elementor-widget elementor-widget-text-editor\" data-id=\"a289da5\" data-element_type=\"widget\" data-widget_type=\"text-editor.default\">\n\t\t\t\t<div class=\"elementor-widget-container\">\n\t\t\t\t\t\t\t\t\t<div><p>Bei Biokema pr\u00e4gen unsere Werte unser t\u00e4gliches Handeln, unsere Zusammenarbeit und den Umgang mit Tier\u00e4rztinnen und Tier\u00e4rzten:<\/p><p><b>N\u00e4he und Zug\u00e4nglichkeit:<\/b> Wir pflegen enge und pers\u00f6nliche Beziehungen zu unseren Kunden \u2013 mit Offenheit, Flexibilit\u00e4t und einem tiefen Verst\u00e4ndnis f\u00fcr ihre individuellen Bed\u00fcrfnisse.<\/p><p><b>Vertrauen und Fachkompetenz:<\/b> Mit \u00fcber 60 Jahren Erfahrung verstehen wir uns als verl\u00e4sslicher Partner und bieten hochwertige L\u00f6sungen, die den Anforderungen des Schweizer Marktes gerecht werden.<\/p><p><b>Dynamik und Innovation:<\/b> Wir denken voraus und entwickeln moderne Produkte und Dienstleistungen, die den Erwartungen der heutigen Tier\u00e4rztinnen und Tier\u00e4rzte entsprechen.<\/p><p>Seit \u00fcber 60 Jahren ist Biokema mehr als nur ein Anbieter \u2013 wir verstehen uns als engagierter Partner der Tier\u00e4rzteschaft und leisten einen t\u00e4glichen Beitrag zur Tiergesundheit in der Schweiz.<\/p><\/div>\t\t\t\t\t\t\t\t<\/div>\n\t\t\t\t<\/div>\n\t\t\t\t<\/div>\n\t\t\t\t\t<\/div>\n\t\t\t\t<\/div>\n\t\t<div class=\"has_ae_slider elementor-element elementor-element-dee974f e-flex e-con-boxed ae-bg-gallery-type-default e-con e-parent\" data-id=\"dee974f\" data-element_type=\"container\">\n\t\t\t\t\t<div class=\"e-con-inner\">\n\t\t\t\t\t<\/div>\n\t\t\t\t<\/div>\n\t\t<div class=\"has_ae_slider elementor-element elementor-element-7fe933a e-con-full e-flex ae-bg-gallery-type-default e-con e-parent\" data-id=\"7fe933a\" data-element_type=\"container\">\n\t\t<div class=\"has_ae_slider elementor-element elementor-element-26fa356 e-con-full e-flex ae-bg-gallery-type-default e-con e-child\" data-id=\"26fa356\" data-element_type=\"container\">\n\t\t\t\t<div class=\"elementor-element elementor-element-da322b0 elementor-widget elementor-widget-image\" data-id=\"da322b0\" data-element_type=\"widget\" data-settings=\"{&quot;motion_fx_motion_fx_scrolling&quot;:&quot;yes&quot;,&quot;motion_fx_translateY_effect&quot;:&quot;yes&quot;,&quot;motion_fx_translateY_direction&quot;:&quot;negative&quot;,&quot;motion_fx_translateY_speed&quot;:{&quot;unit&quot;:&quot;px&quot;,&quot;size&quot;:2,&quot;sizes&quot;:[]},&quot;motion_fx_translateY_affectedRange&quot;:{&quot;unit&quot;:&quot;%&quot;,&quot;size&quot;:&quot;&quot;,&quot;sizes&quot;:{&quot;start&quot;:0,&quot;end&quot;:50}},&quot;motion_fx_translateX_effect&quot;:&quot;yes&quot;,&quot;motion_fx_translateX_direction&quot;:&quot;negative&quot;,&quot;motion_fx_translateX_speed&quot;:{&quot;unit&quot;:&quot;px&quot;,&quot;size&quot;:7,&quot;sizes&quot;:[]},&quot;motion_fx_translateX_affectedRange&quot;:{&quot;unit&quot;:&quot;%&quot;,&quot;size&quot;:&quot;&quot;,&quot;sizes&quot;:{&quot;start&quot;:0,&quot;end&quot;:50}},&quot;motion_fx_opacity_effect&quot;:&quot;yes&quot;,&quot;motion_fx_opacity_range&quot;:{&quot;unit&quot;:&quot;%&quot;,&quot;size&quot;:&quot;&quot;,&quot;sizes&quot;:{&quot;start&quot;:0,&quot;end&quot;:50}},&quot;motion_fx_blur_effect&quot;:&quot;yes&quot;,&quot;motion_fx_blur_level&quot;:{&quot;unit&quot;:&quot;px&quot;,&quot;size&quot;:5,&quot;sizes&quot;:[]},&quot;motion_fx_blur_range&quot;:{&quot;unit&quot;:&quot;%&quot;,&quot;size&quot;:&quot;&quot;,&quot;sizes&quot;:{&quot;start&quot;:0,&quot;end&quot;:50}},&quot;motion_fx_scale_effect&quot;:&quot;yes&quot;,&quot;motion_fx_scale_direction&quot;:&quot;in-out&quot;,&quot;motion_fx_scale_range&quot;:{&quot;unit&quot;:&quot;%&quot;,&quot;size&quot;:&quot;&quot;,&quot;sizes&quot;:{&quot;start&quot;:0,&quot;end&quot;:50}},&quot;motion_fx_opacity_direction&quot;:&quot;out-in&quot;,&quot;motion_fx_opacity_level&quot;:{&quot;unit&quot;:&quot;px&quot;,&quot;size&quot;:10,&quot;sizes&quot;:[]},&quot;motion_fx_blur_direction&quot;:&quot;out-in&quot;,&quot;motion_fx_scale_speed&quot;:{&quot;unit&quot;:&quot;px&quot;,&quot;size&quot;:4,&quot;sizes&quot;:[]},&quot;motion_fx_devices&quot;:[&quot;widescreen&quot;,&quot;desktop&quot;,&quot;laptop&quot;,&quot;tablet_extra&quot;,&quot;tablet&quot;,&quot;mobile_extra&quot;,&quot;mobile&quot;]}\" data-widget_type=\"image.default\">\n\t\t\t\t<div class=\"elementor-widget-container\">\n\t\t\t\t\t\t\t\t\t\t\t\t\t\t\t<img decoding=\"async\" src=\"https:\/\/biokema.ch\/wp-content\/uploads\/elementor\/thumbs\/Veterinaire-et-chat-r4e6k04dkhx7ieh81csvgiylqbwmfk3cte7eute93c.jpg\" title=\"Ve\u0301te\u0301rinaire-et-chat\" alt=\"Ve\u0301te\u0301rinaire et chat\" loading=\"lazy\" \/>\t\t\t\t\t\t\t\t\t\t\t\t\t\t\t<\/div>\n\t\t\t\t<\/div>\n\t\t\t\t<\/div>\n\t\t<div class=\"has_ae_slider elementor-element elementor-element-dc75b04 e-con-full e-flex ae-bg-gallery-type-default e-con e-child\" data-id=\"dc75b04\" data-element_type=\"container\">\n\t\t\t\t<\/div>\n\t\t\t\t<\/div>\n\t\t\t\t<\/div>\n\t\t","protected":false},"excerpt":{"rendered":"<p>Unser Antrieb Unser Engagement f\u00fcr die Tiergesundheit \u2013 an der Seite derer, die sie tagt\u00e4glich sch\u00fctzen. Unsere Mission Unsere Mission ist es, Tier\u00e4rztinnen und Tier\u00e4rzte in ihrem Praxisalltag zu unterst\u00fctzen \u2013 mit hochwertigen Produkten und Dienstleistungen, die optimal auf ihre Bed\u00fcrfnisse abgestimmt sind. Wir legen grossen Wert auf stabile Beziehungen, die auf Vertrauen, N\u00e4he und [&hellip;]<\/p>\n","protected":false},"author":1,"featured_media":0,"parent":0,"menu_order":0,"comment_status":"closed","ping_status":"closed","template":"","meta":{"_acf_changed":false,"_monsterinsights_skip_tracking":false,"_monsterinsights_sitenote_active":false,"_monsterinsights_sitenote_note":"","_monsterinsights_sitenote_category":0,"footnotes":""},"class_list":["post-4068","page","type-page","status-publish","hentry"],"acf":[],"yoast_head":"<!-- This site is optimized with the Yoast SEO plugin v26.8 - https:\/\/yoast.com\/product\/yoast-seo-wordpress\/ -->\n<title>\u00dcber Biokema | Ihr Veterin\u00e4rpartner seit 1959<\/title>\n<meta name=\"description\" content=\"Biokema ist ein Schweizer Unternehmen, das sich auf die Entwicklung und den Vertrieb hochwertiger veterin\u00e4rmedizinischer L\u00f6sungen spezialisiert hat. Lernen Sie unsere Geschichte und unsere Werte kennen.\" \/>\n<meta name=\"robots\" content=\"index, follow, max-snippet:-1, max-image-preview:large, max-video-preview:-1\" \/>\n<link rel=\"canonical\" href=\"https:\/\/biokema.ch\/de\/ueber-biokema-sa\/\" \/>\n<meta property=\"og:locale\" content=\"de_DE\" \/>\n<meta property=\"og:type\" content=\"article\" \/>\n<meta property=\"og:title\" content=\"\u00dcber Biokema | Ihr Veterin\u00e4rpartner seit 1959\" \/>\n<meta property=\"og:description\" content=\"Biokema ist ein Schweizer Unternehmen, das sich auf die Entwicklung und den Vertrieb hochwertiger veterin\u00e4rmedizinischer L\u00f6sungen spezialisiert hat. Lernen Sie unsere Geschichte und unsere Werte kennen.\" \/>\n<meta property=\"og:url\" content=\"https:\/\/biokema.ch\/de\/ueber-biokema-sa\/\" \/>\n<meta property=\"og:site_name\" content=\"Biokema SA\" \/>\n<meta property=\"article:publisher\" content=\"https:\/\/www.facebook.com\/BiokemaSA\/\" \/>\n<meta property=\"article:modified_time\" content=\"2025-05-19T14:09:38+00:00\" \/>\n<meta property=\"og:image\" content=\"https:\/\/biokema.ch\/wp-content\/uploads\/elementor\/thumbs\/Veterinaire-et-chat-r4e6k04dkhx7ieh81csvgiylqbwmfk3cte7eute93c.jpg\" \/>\n<meta name=\"twitter:card\" content=\"summary_large_image\" \/>\n<meta name=\"twitter:label1\" content=\"Gesch\u00e4tzte Lesezeit\" \/>\n\t<meta name=\"twitter:data1\" content=\"1\u00a0Minute\" \/>\n<script type=\"application\/ld+json\" class=\"yoast-schema-graph\">{\"@context\":\"https:\/\/schema.org\",\"@graph\":[{\"@type\":\"WebPage\",\"@id\":\"https:\/\/biokema.ch\/de\/ueber-biokema-sa\/\",\"url\":\"https:\/\/biokema.ch\/de\/ueber-biokema-sa\/\",\"name\":\"\u00dcber Biokema | Ihr Veterin\u00e4rpartner seit 1959\",\"isPartOf\":{\"@id\":\"https:\/\/biokema.ch\/de\/#website\"},\"primaryImageOfPage\":{\"@id\":\"https:\/\/biokema.ch\/de\/ueber-biokema-sa\/#primaryimage\"},\"image\":{\"@id\":\"https:\/\/biokema.ch\/de\/ueber-biokema-sa\/#primaryimage\"},\"thumbnailUrl\":\"https:\/\/biokema.ch\/wp-content\/uploads\/elementor\/thumbs\/Veterinaire-et-chat-r4e6k04dkhx7ieh81csvgiylqbwmfk3cte7eute93c.jpg\",\"datePublished\":\"2025-03-27T13:15:35+00:00\",\"dateModified\":\"2025-05-19T14:09:38+00:00\",\"description\":\"Biokema ist ein Schweizer Unternehmen, das sich auf die Entwicklung und den Vertrieb hochwertiger veterin\u00e4rmedizinischer L\u00f6sungen spezialisiert hat. Lernen Sie unsere Geschichte und unsere Werte kennen.\",\"breadcrumb\":{\"@id\":\"https:\/\/biokema.ch\/de\/ueber-biokema-sa\/#breadcrumb\"},\"inLanguage\":\"de\",\"potentialAction\":[{\"@type\":\"ReadAction\",\"target\":[\"https:\/\/biokema.ch\/de\/ueber-biokema-sa\/\"]}]},{\"@type\":\"ImageObject\",\"inLanguage\":\"de\",\"@id\":\"https:\/\/biokema.ch\/de\/ueber-biokema-sa\/#primaryimage\",\"url\":\"https:\/\/biokema.ch\/wp-content\/uploads\/elementor\/thumbs\/Veterinaire-et-chat-r4e6k04dkhx7ieh81csvgiylqbwmfk3cte7eute93c.jpg\",\"contentUrl\":\"https:\/\/biokema.ch\/wp-content\/uploads\/elementor\/thumbs\/Veterinaire-et-chat-r4e6k04dkhx7ieh81csvgiylqbwmfk3cte7eute93c.jpg\"},{\"@type\":\"BreadcrumbList\",\"@id\":\"https:\/\/biokema.ch\/de\/ueber-biokema-sa\/#breadcrumb\",\"itemListElement\":[{\"@type\":\"ListItem\",\"position\":1,\"name\":\"Accueil\",\"item\":\"https:\/\/biokema.ch\/de\/biokema-sa\/\"},{\"@type\":\"ListItem\",\"position\":2,\"name\":\"\u00dcber uns\"}]},{\"@type\":\"WebSite\",\"@id\":\"https:\/\/biokema.ch\/de\/#website\",\"url\":\"https:\/\/biokema.ch\/de\/\",\"name\":\"Biokema SA\",\"description\":\"Ihr Veterin\u00e4rpartner seit 1959\",\"publisher\":{\"@id\":\"https:\/\/biokema.ch\/de\/#organization\"},\"potentialAction\":[{\"@type\":\"SearchAction\",\"target\":{\"@type\":\"EntryPoint\",\"urlTemplate\":\"https:\/\/biokema.ch\/de\/?s={search_term_string}\"},\"query-input\":{\"@type\":\"PropertyValueSpecification\",\"valueRequired\":true,\"valueName\":\"search_term_string\"}}],\"inLanguage\":\"de\"},{\"@type\":\"Organization\",\"@id\":\"https:\/\/biokema.ch\/de\/#organization\",\"name\":\"Biokema SA\",\"url\":\"https:\/\/biokema.ch\/de\/\",\"logo\":{\"@type\":\"ImageObject\",\"inLanguage\":\"de\",\"@id\":\"https:\/\/biokema.ch\/de\/#\/schema\/logo\/image\/\",\"url\":\"https:\/\/biokema.ch\/wp-content\/uploads\/2025\/03\/logo-biokema.svg\",\"contentUrl\":\"https:\/\/biokema.ch\/wp-content\/uploads\/2025\/03\/logo-biokema.svg\",\"width\":1,\"height\":1,\"caption\":\"Biokema SA\"},\"image\":{\"@id\":\"https:\/\/biokema.ch\/de\/#\/schema\/logo\/image\/\"},\"sameAs\":[\"https:\/\/www.facebook.com\/BiokemaSA\/\",\"https:\/\/www.instagram.com\/biokema.ch\/\"]}]}<\/script>\n<!-- \/ Yoast SEO plugin. -->","yoast_head_json":{"title":"\u00dcber Biokema | Ihr Veterin\u00e4rpartner seit 1959","description":"Biokema ist ein Schweizer Unternehmen, das sich auf die Entwicklung und den Vertrieb hochwertiger veterin\u00e4rmedizinischer L\u00f6sungen spezialisiert hat. Lernen Sie unsere Geschichte und unsere Werte kennen.","robots":{"index":"index","follow":"follow","max-snippet":"max-snippet:-1","max-image-preview":"max-image-preview:large","max-video-preview":"max-video-preview:-1"},"canonical":"https:\/\/biokema.ch\/de\/ueber-biokema-sa\/","og_locale":"de_DE","og_type":"article","og_title":"\u00dcber Biokema | Ihr Veterin\u00e4rpartner seit 1959","og_description":"Biokema ist ein Schweizer Unternehmen, das sich auf die Entwicklung und den Vertrieb hochwertiger veterin\u00e4rmedizinischer L\u00f6sungen spezialisiert hat. Lernen Sie unsere Geschichte und unsere Werte kennen.","og_url":"https:\/\/biokema.ch\/de\/ueber-biokema-sa\/","og_site_name":"Biokema SA","article_publisher":"https:\/\/www.facebook.com\/BiokemaSA\/","article_modified_time":"2025-05-19T14:09:38+00:00","og_image":[{"url":"https:\/\/biokema.ch\/wp-content\/uploads\/elementor\/thumbs\/Veterinaire-et-chat-r4e6k04dkhx7ieh81csvgiylqbwmfk3cte7eute93c.jpg","type":"","width":"","height":""}],"twitter_card":"summary_large_image","twitter_misc":{"Gesch\u00e4tzte Lesezeit":"1\u00a0Minute"},"schema":{"@context":"https:\/\/schema.org","@graph":[{"@type":"WebPage","@id":"https:\/\/biokema.ch\/de\/ueber-biokema-sa\/","url":"https:\/\/biokema.ch\/de\/ueber-biokema-sa\/","name":"\u00dcber Biokema | Ihr Veterin\u00e4rpartner seit 1959","isPartOf":{"@id":"https:\/\/biokema.ch\/de\/#website"},"primaryImageOfPage":{"@id":"https:\/\/biokema.ch\/de\/ueber-biokema-sa\/#primaryimage"},"image":{"@id":"https:\/\/biokema.ch\/de\/ueber-biokema-sa\/#primaryimage"},"thumbnailUrl":"https:\/\/biokema.ch\/wp-content\/uploads\/elementor\/thumbs\/Veterinaire-et-chat-r4e6k04dkhx7ieh81csvgiylqbwmfk3cte7eute93c.jpg","datePublished":"2025-03-27T13:15:35+00:00","dateModified":"2025-05-19T14:09:38+00:00","description":"Biokema ist ein Schweizer Unternehmen, das sich auf die Entwicklung und den Vertrieb hochwertiger veterin\u00e4rmedizinischer L\u00f6sungen spezialisiert hat. Lernen Sie unsere Geschichte und unsere Werte kennen.","breadcrumb":{"@id":"https:\/\/biokema.ch\/de\/ueber-biokema-sa\/#breadcrumb"},"inLanguage":"de","potentialAction":[{"@type":"ReadAction","target":["https:\/\/biokema.ch\/de\/ueber-biokema-sa\/"]}]},{"@type":"ImageObject","inLanguage":"de","@id":"https:\/\/biokema.ch\/de\/ueber-biokema-sa\/#primaryimage","url":"https:\/\/biokema.ch\/wp-content\/uploads\/elementor\/thumbs\/Veterinaire-et-chat-r4e6k04dkhx7ieh81csvgiylqbwmfk3cte7eute93c.jpg","contentUrl":"https:\/\/biokema.ch\/wp-content\/uploads\/elementor\/thumbs\/Veterinaire-et-chat-r4e6k04dkhx7ieh81csvgiylqbwmfk3cte7eute93c.jpg"},{"@type":"BreadcrumbList","@id":"https:\/\/biokema.ch\/de\/ueber-biokema-sa\/#breadcrumb","itemListElement":[{"@type":"ListItem","position":1,"name":"Accueil","item":"https:\/\/biokema.ch\/de\/biokema-sa\/"},{"@type":"ListItem","position":2,"name":"\u00dcber uns"}]},{"@type":"WebSite","@id":"https:\/\/biokema.ch\/de\/#website","url":"https:\/\/biokema.ch\/de\/","name":"Biokema SA","description":"Ihr Veterin\u00e4rpartner seit 1959","publisher":{"@id":"https:\/\/biokema.ch\/de\/#organization"},"potentialAction":[{"@type":"SearchAction","target":{"@type":"EntryPoint","urlTemplate":"https:\/\/biokema.ch\/de\/?s={search_term_string}"},"query-input":{"@type":"PropertyValueSpecification","valueRequired":true,"valueName":"search_term_string"}}],"inLanguage":"de"},{"@type":"Organization","@id":"https:\/\/biokema.ch\/de\/#organization","name":"Biokema SA","url":"https:\/\/biokema.ch\/de\/","logo":{"@type":"ImageObject","inLanguage":"de","@id":"https:\/\/biokema.ch\/de\/#\/schema\/logo\/image\/","url":"https:\/\/biokema.ch\/wp-content\/uploads\/2025\/03\/logo-biokema.svg","contentUrl":"https:\/\/biokema.ch\/wp-content\/uploads\/2025\/03\/logo-biokema.svg","width":1,"height":1,"caption":"Biokema SA"},"image":{"@id":"https:\/\/biokema.ch\/de\/#\/schema\/logo\/image\/"},"sameAs":["https:\/\/www.facebook.com\/BiokemaSA\/","https:\/\/www.instagram.com\/biokema.ch\/"]}]}},"_links":{"self":[{"href":"https:\/\/biokema.ch\/de\/wp-json\/wp\/v2\/pages\/4068","targetHints":{"allow":["GET"]}}],"collection":[{"href":"https:\/\/biokema.ch\/de\/wp-json\/wp\/v2\/pages"}],"about":[{"href":"https:\/\/biokema.ch\/de\/wp-json\/wp\/v2\/types\/page"}],"author":[{"embeddable":true,"href":"https:\/\/biokema.ch\/de\/wp-json\/wp\/v2\/users\/1"}],"replies":[{"embeddable":true,"href":"https:\/\/biokema.ch\/de\/wp-json\/wp\/v2\/comments?post=4068"}],"version-history":[{"count":15,"href":"https:\/\/biokema.ch\/de\/wp-json\/wp\/v2\/pages\/4068\/revisions"}],"predecessor-version":[{"id":6436,"href":"https:\/\/biokema.ch\/de\/wp-json\/wp\/v2\/pages\/4068\/revisions\/6436"}],"wp:attachment":[{"href":"https:\/\/biokema.ch\/de\/wp-json\/wp\/v2\/media?parent=4068"}],"curies":[{"name":"wp","href":"https:\/\/api.w.org\/{rel}","templated":true}]}}