{"id":9646,"date":"2025-11-10T12:49:30","date_gmt":"2025-11-10T11:49:30","guid":{"rendered":"https:\/\/biokema.ch\/?page_id=9646"},"modified":"2026-02-03T17:49:30","modified_gmt":"2026-02-03T16:49:30","slug":"spezielle-oeffnungszeiten","status":"publish","type":"page","link":"https:\/\/biokema.ch\/de\/kontaktieren-sie-uns\/spezielle-oeffnungszeiten\/","title":{"rendered":"Spezielle \u00d6ffnungszeiten"},"content":{"rendered":"\t\t<div data-elementor-type=\"wp-page\" data-elementor-id=\"9646\" class=\"elementor elementor-9646 elementor-9645\" data-elementor-post-type=\"page\">\n\t\t\t\t<div class=\"has_ae_slider elementor-element elementor-element-7b293c62 bloc-couleur-cat e-flex e-con-boxed ae-bg-gallery-type-default e-con e-parent\" data-id=\"7b293c62\" data-element_type=\"container\" data-settings=\"{&quot;background_background&quot;:&quot;classic&quot;}\">\n\t\t\t\t\t<div class=\"e-con-inner\">\n\t\t<div class=\"has_ae_slider elementor-element elementor-element-1e1beba0 e-con-full e-flex ae-bg-gallery-type-default e-con e-child\" data-id=\"1e1beba0\" data-element_type=\"container\">\n\t\t<div class=\"has_ae_slider elementor-element elementor-element-271c2f20 e-con-full e-flex ae-bg-gallery-type-default e-con e-child\" data-id=\"271c2f20\" data-element_type=\"container\">\n\t\t<div class=\"has_ae_slider elementor-element elementor-element-489141f1 e-con-full e-flex ae-bg-gallery-type-default e-con e-child\" data-id=\"489141f1\" data-element_type=\"container\">\n\t\t\t\t<\/div>\n\t\t<div class=\"has_ae_slider elementor-element elementor-element-15ebfe7a e-con-full e-flex ae-bg-gallery-type-default e-con e-child\" data-id=\"15ebfe7a\" data-element_type=\"container\">\n\t\t\t\t<div class=\"elementor-element elementor-element-2d84e1c4 elementor-widget elementor-widget-heading\" data-id=\"2d84e1c4\" data-element_type=\"widget\" data-widget_type=\"heading.default\">\n\t\t\t\t<div class=\"elementor-widget-container\">\n\t\t\t\t\t<h1 class=\"elementor-heading-title elementor-size-default\">Spezielle \u00d6ffnungszeiten und Liefertage<\/h1>\t\t\t\t<\/div>\n\t\t\t\t<\/div>\n\t\t\t\t<\/div>\n\t\t\t\t<\/div>\n\t\t\t\t<\/div>\n\t\t\t\t\t<\/div>\n\t\t\t\t<\/div>\n\t\t<div class=\"has_ae_slider elementor-element elementor-element-649f82fb e-flex e-con-boxed ae-bg-gallery-type-default e-con e-parent\" data-id=\"649f82fb\" data-element_type=\"container\">\n\t\t\t\t\t<div class=\"e-con-inner\">\n\t\t<div class=\"has_ae_slider elementor-element elementor-element-25d4dbbb e-con-full elementor-hidden-tablet elementor-hidden-mobile_extra elementor-hidden-mobile e-flex ae-bg-gallery-type-default e-con e-child\" data-id=\"25d4dbbb\" data-element_type=\"container\">\n\t\t\t\t<\/div>\n\t\t<div class=\"has_ae_slider elementor-element elementor-element-6047099d e-con-full e-flex ae-bg-gallery-type-default e-con e-child\" data-id=\"6047099d\" data-element_type=\"container\">\n\t\t\t\t<div class=\"elementor-element elementor-element-f0828e8 elementor-widget elementor-widget-text-editor\" data-id=\"f0828e8\" data-element_type=\"widget\" data-widget_type=\"text-editor.default\">\n\t\t\t\t<div class=\"elementor-widget-container\">\n\t\t\t\t\t\t\t\t\t<p data-start=\"257\" data-end=\"342\">Nachfolgend finden Sie die besonderen \u00d6ffnungszeiten unserer B\u00fcros sowie allf\u00e4llige Unterbr\u00fcche bei den Lieferungen im Jahr 2026.<br data-start=\"767\" data-end=\"770\">Bitte ber\u00fccksichtigen Sie diese Daten bei der Planung Ihrer Bestellungen.<\/p>\t\t\t\t\t\t\t\t<\/div>\n\t\t\t\t<\/div>\n\t\t\t\t<div class=\"elementor-element elementor-element-842f972 elementor-widget elementor-widget-html\" data-id=\"842f972\" data-element_type=\"widget\" data-widget_type=\"html.default\">\n\t\t\t\t<div class=\"elementor-widget-container\">\n\t\t\t\t\t<div class=\"bk-wrap\"><br\/><table class=\"bk-hours\" aria-label=\"Spezielle \u00d6ffnungszeiten und Liefertage 2026\"><thead><tr><th>Datum<\/th><th>B\u00fcros und Kundenservice<\/th><th>Lieferungen<\/th><\/tr><\/thead><tbody><tr><td>Donnerstag, 1. Januar 2026 (Neujahr)<\/td><td>Geschlossen<\/td><td>Nicht verf\u00fcgbar<\/td><\/tr><tr><td>Freitag, 2. Januar 2026 (2. Januar)<\/td><td>Geschlossen<\/td><td>Nicht verf\u00fcgbar<\/td><\/tr><tr><td>Dienstag, 6. Januar 2026 (Erscheinung des Herrn)<\/td><td>Ge\u00f6ffnet<\/td><td>Lieferung \u00fcbern\u00e4chster Werktag*<\/td><\/tr><tr><td>Freitag, 3. April 2026 (Karfreitag)<\/td><td>Geschlossen<\/td><td>Nicht verf\u00fcgbar<\/td><\/tr><tr><td>Montag, 6. April 2026 (Ostermontag)<\/td><td>Geschlossen<\/td><td>Nicht verf\u00fcgbar<\/td><\/tr><tr><td>Freitag, 1. Mai 2026 (Tag der Arbeit)<\/td><td>Ge\u00f6ffnet<\/td><td>Lieferung \u00fcbern\u00e4chster Werktag*<\/td><\/tr><tr><td>Donnerstag, 14. Mai 2026 (Auffahrt)<\/td><td>Geschlossen<\/td><td>Nicht verf\u00fcgbar<\/td><\/tr><tr><td>Montag, 25. Mai 2026 (Pfingstmontag)<\/td><td>Geschlossen<\/td><td>Nicht verf\u00fcgbar<\/td><\/tr><tr><td>Samstag, 1. August 2026 (Nationalfeiertag)<\/td><td>Geschlossen<\/td><td>Nicht verf\u00fcgbar<\/td><\/tr><tr><td>Samstag, 15. August 2026 (Mariae Himmelfahrt)<\/td><td>Geschlossen<\/td><td>Nicht verf\u00fcgbar<\/td><\/tr><tr><td>Montag, 21. September 2026 (Eidgen\u00f6ssischer Dank-, Buss- und Bettag)<\/td><td>Geschlossen<\/td><td>Nicht verf\u00fcgbar<\/td><\/tr><tr><td>Freitag, 25. Dezember 2026 (Weihnachten)<\/td><td>Geschlossen<\/td><td>Nicht verf\u00fcgbar<\/td><\/tr><tr><td>Samstag, 26. Dezember 2026 (St. Stephan)<\/td><td>Geschlossen<\/td><td>Nicht verf\u00fcgbar<\/td><\/tr><\/tbody><\/table><br\/><p class=\"bk-note\">*Bestellung wird am n\u00e4chsten Werktag bearbeitet, Lieferung erfolgt am \u00fcbern\u00e4chsten Werktag.<br\/>In Kantonen, in denen diese Daten gesetzliche Feiertage sind, finden keine Lieferungen statt.<br\/><\/p><\/div>\t\t\t\t<\/div>\n\t\t\t\t<\/div>\n\t\t\t\t<\/div>\n\t\t\t\t\t<\/div>\n\t\t\t\t<\/div>\n\t\t\t\t<\/div>\n\t\t","protected":false},"excerpt":{"rendered":"<p>Spezielle \u00d6ffnungszeiten und Liefertage Nachfolgend finden Sie die besonderen \u00d6ffnungszeiten unserer B\u00fcros sowie allf\u00e4llige Unterbr\u00fcche bei den Lieferungen im Jahr 2026.Bitte ber\u00fccksichtigen Sie diese Daten bei der Planung Ihrer Bestellungen. Datum B\u00fcros und Kundenservice Lieferungen Donnerstag, 1. Januar 2026 (Neujahr) Geschlossen Nicht verf\u00fcgbar Freitag, 2. Januar 2026 (2. Januar) Geschlossen Nicht verf\u00fcgbar Dienstag, 6. Januar [&hellip;]<\/p>\n","protected":false},"author":2,"featured_media":0,"parent":5159,"menu_order":0,"comment_status":"closed","ping_status":"closed","template":"","meta":{"_acf_changed":false,"_monsterinsights_skip_tracking":false,"_monsterinsights_sitenote_active":false,"_monsterinsights_sitenote_note":"","_monsterinsights_sitenote_category":0,"footnotes":""},"class_list":["post-9646","page","type-page","status-publish","hentry"],"acf":[],"yoast_head":"<!-- This site is optimized with the Yoast SEO plugin v26.8 - https:\/\/yoast.com\/product\/yoast-seo-wordpress\/ -->\n<title>Spezielle \u00d6ffnungszeiten - Biokema SA<\/title>\n<meta name=\"robots\" content=\"index, follow, max-snippet:-1, max-image-preview:large, max-video-preview:-1\" \/>\n<link rel=\"canonical\" href=\"https:\/\/biokema.ch\/de\/kontaktieren-sie-uns\/spezielle-oeffnungszeiten\/\" \/>\n<meta property=\"og:locale\" content=\"de_DE\" \/>\n<meta property=\"og:type\" content=\"article\" \/>\n<meta property=\"og:title\" content=\"Spezielle \u00d6ffnungszeiten - Biokema SA\" \/>\n<meta property=\"og:description\" content=\"Spezielle \u00d6ffnungszeiten und Liefertage Nachfolgend finden Sie die besonderen \u00d6ffnungszeiten unserer B\u00fcros sowie allf\u00e4llige Unterbr\u00fcche bei den Lieferungen im Jahr 2026.Bitte ber\u00fccksichtigen Sie diese Daten bei der Planung Ihrer Bestellungen. Datum B\u00fcros und Kundenservice Lieferungen Donnerstag, 1. Januar 2026 (Neujahr) Geschlossen Nicht verf\u00fcgbar Freitag, 2. Januar 2026 (2. Januar) Geschlossen Nicht verf\u00fcgbar Dienstag, 6. Januar [&hellip;]\" \/>\n<meta property=\"og:url\" content=\"https:\/\/biokema.ch\/de\/kontaktieren-sie-uns\/spezielle-oeffnungszeiten\/\" \/>\n<meta property=\"og:site_name\" content=\"Biokema SA\" \/>\n<meta property=\"article:publisher\" content=\"https:\/\/www.facebook.com\/BiokemaSA\/\" \/>\n<meta property=\"article:modified_time\" content=\"2026-02-03T16:49:30+00:00\" \/>\n<meta name=\"twitter:card\" content=\"summary_large_image\" \/>\n<meta name=\"twitter:label1\" content=\"Gesch\u00e4tzte Lesezeit\" \/>\n\t<meta name=\"twitter:data1\" content=\"1\u00a0Minute\" \/>\n<script type=\"application\/ld+json\" class=\"yoast-schema-graph\">{\"@context\":\"https:\/\/schema.org\",\"@graph\":[{\"@type\":\"WebPage\",\"@id\":\"https:\/\/biokema.ch\/de\/kontaktieren-sie-uns\/spezielle-oeffnungszeiten\/\",\"url\":\"https:\/\/biokema.ch\/de\/kontaktieren-sie-uns\/spezielle-oeffnungszeiten\/\",\"name\":\"Spezielle \u00d6ffnungszeiten - Biokema SA\",\"isPartOf\":{\"@id\":\"https:\/\/biokema.ch\/de\/#website\"},\"datePublished\":\"2025-11-10T11:49:30+00:00\",\"dateModified\":\"2026-02-03T16:49:30+00:00\",\"breadcrumb\":{\"@id\":\"https:\/\/biokema.ch\/de\/kontaktieren-sie-uns\/spezielle-oeffnungszeiten\/#breadcrumb\"},\"inLanguage\":\"de\",\"potentialAction\":[{\"@type\":\"ReadAction\",\"target\":[\"https:\/\/biokema.ch\/de\/kontaktieren-sie-uns\/spezielle-oeffnungszeiten\/\"]}]},{\"@type\":\"BreadcrumbList\",\"@id\":\"https:\/\/biokema.ch\/de\/kontaktieren-sie-uns\/spezielle-oeffnungszeiten\/#breadcrumb\",\"itemListElement\":[{\"@type\":\"ListItem\",\"position\":1,\"name\":\"Accueil\",\"item\":\"https:\/\/biokema.ch\/de\/biokema-sa\/\"},{\"@type\":\"ListItem\",\"position\":2,\"name\":\"Kontaktieren Sie uns\",\"item\":\"https:\/\/biokema.ch\/de\/kontaktieren-sie-uns\/\"},{\"@type\":\"ListItem\",\"position\":3,\"name\":\"Spezielle \u00d6ffnungszeiten\"}]},{\"@type\":\"WebSite\",\"@id\":\"https:\/\/biokema.ch\/de\/#website\",\"url\":\"https:\/\/biokema.ch\/de\/\",\"name\":\"Biokema SA\",\"description\":\"Ihr Veterin\u00e4rpartner seit 1959\",\"publisher\":{\"@id\":\"https:\/\/biokema.ch\/de\/#organization\"},\"potentialAction\":[{\"@type\":\"SearchAction\",\"target\":{\"@type\":\"EntryPoint\",\"urlTemplate\":\"https:\/\/biokema.ch\/de\/?s={search_term_string}\"},\"query-input\":{\"@type\":\"PropertyValueSpecification\",\"valueRequired\":true,\"valueName\":\"search_term_string\"}}],\"inLanguage\":\"de\"},{\"@type\":\"Organization\",\"@id\":\"https:\/\/biokema.ch\/de\/#organization\",\"name\":\"Biokema SA\",\"url\":\"https:\/\/biokema.ch\/de\/\",\"logo\":{\"@type\":\"ImageObject\",\"inLanguage\":\"de\",\"@id\":\"https:\/\/biokema.ch\/de\/#\/schema\/logo\/image\/\",\"url\":\"https:\/\/biokema.ch\/wp-content\/uploads\/2025\/03\/logo-biokema.svg\",\"contentUrl\":\"https:\/\/biokema.ch\/wp-content\/uploads\/2025\/03\/logo-biokema.svg\",\"width\":1,\"height\":1,\"caption\":\"Biokema SA\"},\"image\":{\"@id\":\"https:\/\/biokema.ch\/de\/#\/schema\/logo\/image\/\"},\"sameAs\":[\"https:\/\/www.facebook.com\/BiokemaSA\/\",\"https:\/\/www.instagram.com\/biokema.ch\/\"]}]}<\/script>\n<!-- \/ Yoast SEO plugin. -->","yoast_head_json":{"title":"Spezielle \u00d6ffnungszeiten - Biokema SA","robots":{"index":"index","follow":"follow","max-snippet":"max-snippet:-1","max-image-preview":"max-image-preview:large","max-video-preview":"max-video-preview:-1"},"canonical":"https:\/\/biokema.ch\/de\/kontaktieren-sie-uns\/spezielle-oeffnungszeiten\/","og_locale":"de_DE","og_type":"article","og_title":"Spezielle \u00d6ffnungszeiten - Biokema SA","og_description":"Spezielle \u00d6ffnungszeiten und Liefertage Nachfolgend finden Sie die besonderen \u00d6ffnungszeiten unserer B\u00fcros sowie allf\u00e4llige Unterbr\u00fcche bei den Lieferungen im Jahr 2026.Bitte ber\u00fccksichtigen Sie diese Daten bei der Planung Ihrer Bestellungen. Datum B\u00fcros und Kundenservice Lieferungen Donnerstag, 1. Januar 2026 (Neujahr) Geschlossen Nicht verf\u00fcgbar Freitag, 2. Januar 2026 (2. Januar) Geschlossen Nicht verf\u00fcgbar Dienstag, 6. Januar [&hellip;]","og_url":"https:\/\/biokema.ch\/de\/kontaktieren-sie-uns\/spezielle-oeffnungszeiten\/","og_site_name":"Biokema SA","article_publisher":"https:\/\/www.facebook.com\/BiokemaSA\/","article_modified_time":"2026-02-03T16:49:30+00:00","twitter_card":"summary_large_image","twitter_misc":{"Gesch\u00e4tzte Lesezeit":"1\u00a0Minute"},"schema":{"@context":"https:\/\/schema.org","@graph":[{"@type":"WebPage","@id":"https:\/\/biokema.ch\/de\/kontaktieren-sie-uns\/spezielle-oeffnungszeiten\/","url":"https:\/\/biokema.ch\/de\/kontaktieren-sie-uns\/spezielle-oeffnungszeiten\/","name":"Spezielle \u00d6ffnungszeiten - Biokema SA","isPartOf":{"@id":"https:\/\/biokema.ch\/de\/#website"},"datePublished":"2025-11-10T11:49:30+00:00","dateModified":"2026-02-03T16:49:30+00:00","breadcrumb":{"@id":"https:\/\/biokema.ch\/de\/kontaktieren-sie-uns\/spezielle-oeffnungszeiten\/#breadcrumb"},"inLanguage":"de","potentialAction":[{"@type":"ReadAction","target":["https:\/\/biokema.ch\/de\/kontaktieren-sie-uns\/spezielle-oeffnungszeiten\/"]}]},{"@type":"BreadcrumbList","@id":"https:\/\/biokema.ch\/de\/kontaktieren-sie-uns\/spezielle-oeffnungszeiten\/#breadcrumb","itemListElement":[{"@type":"ListItem","position":1,"name":"Accueil","item":"https:\/\/biokema.ch\/de\/biokema-sa\/"},{"@type":"ListItem","position":2,"name":"Kontaktieren Sie uns","item":"https:\/\/biokema.ch\/de\/kontaktieren-sie-uns\/"},{"@type":"ListItem","position":3,"name":"Spezielle \u00d6ffnungszeiten"}]},{"@type":"WebSite","@id":"https:\/\/biokema.ch\/de\/#website","url":"https:\/\/biokema.ch\/de\/","name":"Biokema SA","description":"Ihr Veterin\u00e4rpartner seit 1959","publisher":{"@id":"https:\/\/biokema.ch\/de\/#organization"},"potentialAction":[{"@type":"SearchAction","target":{"@type":"EntryPoint","urlTemplate":"https:\/\/biokema.ch\/de\/?s={search_term_string}"},"query-input":{"@type":"PropertyValueSpecification","valueRequired":true,"valueName":"search_term_string"}}],"inLanguage":"de"},{"@type":"Organization","@id":"https:\/\/biokema.ch\/de\/#organization","name":"Biokema SA","url":"https:\/\/biokema.ch\/de\/","logo":{"@type":"ImageObject","inLanguage":"de","@id":"https:\/\/biokema.ch\/de\/#\/schema\/logo\/image\/","url":"https:\/\/biokema.ch\/wp-content\/uploads\/2025\/03\/logo-biokema.svg","contentUrl":"https:\/\/biokema.ch\/wp-content\/uploads\/2025\/03\/logo-biokema.svg","width":1,"height":1,"caption":"Biokema SA"},"image":{"@id":"https:\/\/biokema.ch\/de\/#\/schema\/logo\/image\/"},"sameAs":["https:\/\/www.facebook.com\/BiokemaSA\/","https:\/\/www.instagram.com\/biokema.ch\/"]}]}},"_links":{"self":[{"href":"https:\/\/biokema.ch\/de\/wp-json\/wp\/v2\/pages\/9646","targetHints":{"allow":["GET"]}}],"collection":[{"href":"https:\/\/biokema.ch\/de\/wp-json\/wp\/v2\/pages"}],"about":[{"href":"https:\/\/biokema.ch\/de\/wp-json\/wp\/v2\/types\/page"}],"author":[{"embeddable":true,"href":"https:\/\/biokema.ch\/de\/wp-json\/wp\/v2\/users\/2"}],"replies":[{"embeddable":true,"href":"https:\/\/biokema.ch\/de\/wp-json\/wp\/v2\/comments?post=9646"}],"version-history":[{"count":38,"href":"https:\/\/biokema.ch\/de\/wp-json\/wp\/v2\/pages\/9646\/revisions"}],"predecessor-version":[{"id":11002,"href":"https:\/\/biokema.ch\/de\/wp-json\/wp\/v2\/pages\/9646\/revisions\/11002"}],"up":[{"embeddable":true,"href":"https:\/\/biokema.ch\/de\/wp-json\/wp\/v2\/pages\/5159"}],"wp:attachment":[{"href":"https:\/\/biokema.ch\/de\/wp-json\/wp\/v2\/media?parent=9646"}],"curies":[{"name":"wp","href":"https:\/\/api.w.org\/{rel}","templated":true}]}}